{"id":12,"date":"2022-03-02T10:19:21","date_gmt":"2022-03-02T10:19:21","guid":{"rendered":"https:\/\/startersites.io\/blocksy\/home-decor\/?page_id=12"},"modified":"2025-11-21T15:40:11","modified_gmt":"2025-11-21T14:40:11","slug":"about-a","status":"publish","type":"page","link":"https:\/\/ayowayow.es\/es\/about-a\/","title":{"rendered":"ABOUT US"},"content":{"rendered":"<div class=\"wp-block-stackable-spacer stk-block-spacer stk--no-padding stk-block stk-938bbb3\" data-block-id=\"938bbb3\"><style>.stk-938bbb3 {height:10px !important;}<\/style><\/div>\n\n\n\n<div class=\"wp-block-stackable-columns stk-block-columns stk-block stk-a25dc6b stk-block-background\" data-block-id=\"a25dc6b\"><style>.stk-a25dc6b {background-color:var(--theme-palette-color-1, #662D91) !important;border-top-left-radius:20px !important;border-top-right-radius:20px !important;border-bottom-right-radius:20px !important;border-bottom-left-radius:20px !important;overflow:hidden !important;margin-bottom:0px !important;}.stk-a25dc6b:before{background-color:var(--theme-palette-color-1, #662D91) !important;}.stk-a25dc6b-column{--stk-column-gap:100px !important;row-gap:50px !important;}<\/style><div class=\"stk-row stk-inner-blocks stk-block-content stk-content-align stk-a25dc6b-column\">\n<div class=\"wp-block-stackable-column stk-block-column stk-column stk-block stk-637db20\" data-v=\"4\" data-block-id=\"637db20\"><style>.stk-637db20-container{margin-top:0px !important;margin-right:0px !important;margin-bottom:0px !important;margin-left:0px !important;}@media screen and (min-width:690px) and (max-width:999px){.stk-637db20 {flex:var(--stk-flex-grow, 1) 1 calc(100% - var(--stk-column-gap, 0px) * 0 \/ 1 ) !important;}}<\/style><div class=\"stk-column-wrapper stk-block-column__content stk-container stk-637db20-container stk--no-background stk--no-padding\"><div class=\"stk-block-content stk-inner-blocks stk-637db20-inner-blocks\">\n<div class=\"wp-block-stackable-image stk-block-image stk-block stk-f0f863f\" data-block-id=\"f0f863f\"><style>.stk-f0f863f {box-shadow:none !important;}.stk-f0f863f .stk-img-wrapper{height:651px !important;filter:drop-shadow(25px 10px 30px #123f524d) !important;--stk-gradient-overlay:0 !important;}.stk-f0f863f .stk-img-wrapper img{border-radius:40px !important;object-position:50% 90% !important;}@media screen and (max-width:999px){.stk-f0f863f .stk-img-wrapper{height:600px !important;}.stk-f0f863f .stk-img-wrapper img{object-position:49% 1% !important;}}@media screen and (max-width:689px){.stk-f0f863f .stk-img-wrapper{height:500px !important;}}<\/style><figure><span class=\"stk-img-wrapper stk-image--shape-stretch stk--shadow-25px 10px 30px #123f524d\"><img fetchpriority=\"high\" decoding=\"async\" class=\"stk-img wp-image-598\" src=\"https:\/\/ayowayow.es\/wp-content\/uploads\/2024\/12\/12ByMadeleineu-X-AYOW.jpg\" width=\"3648\" height=\"5472\" alt=\"Tyler Greey, AYOW Founder\"\/><\/span><\/figure><\/div>\n<\/div><\/div><\/div>\n\n\n\n<div class=\"wp-block-stackable-column stk-block-column stk-column stk-block stk-2039561\" data-v=\"4\" data-block-id=\"2039561\"><style>.stk-2039561-container{margin-top:0px !important;margin-right:0px !important;margin-bottom:0px !important;margin-left:0px !important;}.stk-2039561 {align-self:center !important;}@media screen and (min-width:690px) and (max-width:999px){.stk-2039561 {flex:var(--stk-flex-grow, 1) 1 calc(100% - var(--stk-column-gap, 0px) * 0 \/ 1 ) !important;}}<\/style><div class=\"stk-column-wrapper stk-block-column__content stk-container stk-2039561-container stk--no-background stk--no-padding\"><div class=\"stk-block-content stk-inner-blocks stk-2039561-inner-blocks\">\n<div class=\"wp-block-stackable-heading stk-block-heading stk-block-heading--v2 stk-block stk-b61712c\" id=\"ayow\" data-block-id=\"b61712c\"><style>.stk-b61712c {margin-bottom:0px !important;}.stk-b61712c .stk-block-heading__text{font-size:60px !important;}@media screen and (max-width:999px){.stk-b61712c .stk-block-heading__text{font-size:30px !important;}}<\/style><h1 class=\"stk-block-heading__text has-text-align-center-mobile\">AYOW!!!<\/h1><\/div>\n\n\n\n<p class=\"has-palette-color-7-color has-text-color has-link-color wp-elements-e858b9b8b80a5c14319e57d1d2ea881b\" style=\"font-size:clamp(16.293px, 1.018rem + ((1vw - 3.2px) * 0.68), 25px);\"><strong>AYOW!<\/strong>!<strong>!<\/strong> nace como un puente entre las calles de Espa\u00f1a y los barrios ic\u00f3nicos de Nueva York, donde el arte urbano y la m\u00fasica resuenan en cada esquina. Inspirados por el esp\u00edritu indomable de la cultura callejera, dise\u00f1amos ropa que no solo te acompa\u00f1a, sino que tambi\u00e9n te impulsa a perseguir tus sue\u00f1os con estilo y determinaci\u00f3n.<\/p>\n\n\n\n<div class=\"wp-block-stackable-heading stk-block-heading stk-block-heading--v2 stk-block stk-507d09c\" id=\"tyler-greey\" data-block-id=\"507d09c\"><style>.stk-507d09c {margin-bottom:0px !important;}@media screen and (max-width:999px){.stk-507d09c {margin-bottom:0px !important;}.stk-507d09c .stk-block-heading__text{font-size:22px !important;}}<\/style><h5 class=\"stk-block-heading__text has-text-align-center-mobile\">Tyler Greey<\/h5><\/div>\n\n\n\n<div class=\"wp-block-stackable-text stk-block-text stk-block stk-fbd6322\" data-block-id=\"fbd6322\"><style>.stk-fbd6322 .stk-block-text__text{font-weight:500 !important;}<\/style><p class=\"stk-block-text__text has-text-align-center-mobile\">Fundador de AYOW<\/p><\/div>\n<\/div><\/div><\/div>\n<\/div><\/div>\n\n\n\n<div class=\"wp-block-stackable-spacer stk-block-spacer stk--no-padding stk-block stk-8bae419\" data-block-id=\"8bae419\"><style>.stk-8bae419 {height:120px !important;}@media screen and (max-width:999px){.stk-8bae419 {height:80px !important;}}<\/style><\/div>\n\n\n\n<div class=\"wp-block-stackable-columns stk-block-columns stk-block stk-cb2da1f stk-block-background\" data-block-id=\"cb2da1f\"><style>.stk-cb2da1f {background-color:var(--theme-palette-color-1, #662D91) !important;border-top-left-radius:20px !important;border-top-right-radius:20px !important;border-bottom-right-radius:20px !important;border-bottom-left-radius:20px !important;overflow:hidden !important;box-shadow:none !important;border-style:solid !important;border-top-width:0px !important;border-right-width:0px !important;border-bottom-width:0px !important;border-left-width:0px !important;margin-bottom:0px !important;}.stk-cb2da1f:before{background-color:var(--theme-palette-color-1, #662D91) !important;}.stk-cb2da1f-column{--stk-column-gap:100px !important;row-gap:50px !important;}<\/style><div class=\"stk-row stk-inner-blocks stk-block-content stk-content-align stk-cb2da1f-column\">\n<div class=\"wp-block-stackable-column stk-block-column stk-column stk-block stk-648f5fd\" data-v=\"4\" data-block-id=\"648f5fd\"><style>.stk-648f5fd-container{margin-top:0px !important;margin-right:0px !important;margin-bottom:0px !important;margin-left:0px !important;}.stk-648f5fd {align-self:center !important;}@media screen and (min-width:690px){.stk-648f5fd {flex:var(--stk-flex-grow, 1) 1 calc(50.2% - var(--stk-column-gap, 0px) * 1 \/ 2 ) !important;}}@media screen and (min-width:690px) and (max-width:999px){.stk-648f5fd {flex:var(--stk-flex-grow, 1) 1 calc(100% - var(--stk-column-gap, 0px) * 0 \/ 1 ) !important;}}<\/style><div class=\"stk-column-wrapper stk-block-column__content stk-container stk-648f5fd-container stk--no-background stk--no-padding\"><div class=\"stk-block-content stk-inner-blocks stk-648f5fd-inner-blocks\">\n<div class=\"wp-block-stackable-heading stk-block-heading stk-block-heading--v2 stk-block stk-2dc3303\" id=\"our-brand\" data-block-id=\"2dc3303\"><style>.stk-2dc3303 {margin-bottom:20px !important;}.stk-2dc3303 .stk-block-heading__text{font-size:60px !important;}@media screen and (max-width:999px){.stk-2dc3303 .stk-block-heading__text{font-size:30px !important;}}<\/style><h1 class=\"stk-block-heading__text has-text-align-center-mobile\">Nuestra Marca<\/h1><\/div>\n\n\n\n<div class=\"wp-block-stackable-text stk-block-text stk-block stk-efdb34c\" data-block-id=\"efdb34c\"><style>.stk-efdb34c {margin-bottom:0px !important;}.stk-efdb34c .stk-block-text__text{font-size:25px !important;}@media screen and (max-width:999px){.stk-efdb34c .stk-block-text__text{font-size:25px !important;}}<\/style><p class=\"stk-block-text__text has-text-align-center-mobile\"><span style=\"color: #fffffe;\" class=\"stk-highlight\">Nuestra marca representa <strong>sacrif\u00edcio<\/strong>, <strong>trabajo<\/strong>, <strong>sue\u00f1os<\/strong>, y <strong>perseverancia<\/strong> \u2014 valores que viven en cada costura y dise\u00f1o. AYO! no es solo ropa, es una declaraci\u00f3n: estar listo para enfrentarte al mundo y alcanzar tus metas, sin perder tu esencia ni tu flow.<\/span><\/p><\/div>\n\n\n\n<p style=\"font-size:clamp(16.293px, 1.018rem + ((1vw - 3.2px) * 0.68), 25px);\"><br><span style=\"color: #fffffe;\" class=\"stk-highlight\">Celebramos el poder de la m\u00fasica como lenguaje universal, desde el hip-hop en ingl\u00e9s hasta el reggaet\u00f3n en espa\u00f1ol. AYO! es un grito de uni\u00f3n, un saludo que conecta culturas, generaciones y estilos.<\/span><br><\/p>\n<\/div><\/div><\/div>\n\n\n\n<div class=\"wp-block-stackable-column stk-block-column stk-column stk-block stk-5834af5 stk-block-background\" data-v=\"4\" data-block-id=\"5834af5\"><style>.stk-5834af5-container{margin-top:0px !important;margin-right:0px !important;margin-bottom:0px !important;margin-left:0px !important;}.stk-5834af5 {background-color:var(--theme-palette-color-3, #3C1B56) !important;border-top-left-radius:15px !important;border-top-right-radius:15px !important;border-bottom-right-radius:15px !important;border-bottom-left-radius:15px !important;overflow:hidden !important;box-shadow:0 5px 30px -10px #123f524d !important;border-style:solid !important;border-top-width:0px !important;border-right-width:0px !important;border-bottom-width:0px !important;border-left-width:0px !important;}.stk-5834af5:before{background-color:var(--theme-palette-color-3, #3C1B56) !important;}@media screen and (min-width:690px){.stk-5834af5 {flex:var(--stk-flex-grow, 1) 1 calc(49.8% - var(--stk-column-gap, 0px) * 1 \/ 2 ) !important;}}@media screen and (min-width:690px) and (max-width:999px){.stk-5834af5 {flex:var(--stk-flex-grow, 1) 1 calc(100% - var(--stk-column-gap, 0px) * 0 \/ 1 ) !important;}}<\/style><div class=\"stk-column-wrapper stk-block-column__content stk-container stk-5834af5-container stk--no-background stk--no-padding\"><div class=\"stk-block-content stk-inner-blocks stk-5834af5-inner-blocks\">\n<div class=\"wp-block-stackable-image stk-block-image stk-block stk-c501482\" data-block-id=\"c501482\"><style>.stk-c501482 .stk-img-wrapper{aspect-ratio:9\/16 !important;height:auto !important;}.stk-c501482 .stk-img-wrapper img{border-radius:20px !important;}@media screen and (max-width:999px){.stk-c501482 .stk-img-wrapper{height:600px !important;}.stk-c501482 .stk-img-wrapper img{object-position:46% 21% !important;}}@media screen and (max-width:689px){.stk-c501482 .stk-img-wrapper{height:500px !important;}.stk-c501482 .stk-img-wrapper img{object-position:83% 54% !important;}}<\/style><figure><span class=\"stk-img-wrapper stk-image--shape-stretch\"><img decoding=\"async\" class=\"stk-img wp-image-611\" src=\"https:\/\/ayowayow.es\/wp-content\/uploads\/2024\/12\/IMG_1920-POST.jpg\" width=\"3392\" height=\"4240\" alt=\"AYOW Wears\"\/><\/span><\/figure><\/div>\n<\/div><\/div><\/div>\n<\/div><\/div>\n\n\n\n<div class=\"wp-block-stackable-spacer stk-block-spacer stk--no-padding stk-block stk-a15083e\" data-block-id=\"a15083e\"><style>.stk-a15083e {height:120px !important;}@media screen and (max-width:999px){.stk-a15083e {height:80px !important;}}<\/style><\/div>\n\n\n\n<p class=\"has-text-align-center has-x-large-font-size\">\u00danete al movimiento. Viste tus sue\u00f1os. <strong>AYOW!<\/strong><\/p>\n\n\n\n<div class=\"wp-block-stackable-spacer stk-block-spacer stk--no-padding stk-block stk-5fd6ea2\" data-block-id=\"5fd6ea2\"><style>.stk-5fd6ea2 {height:50px !important;}@media screen and (max-width:999px){.stk-5fd6ea2 {height:30px !important;}}<\/style><\/div>\n\n\n\n<div class=\"wp-block-stackable-image stk-block-image stk-block stk-d1851f0\" data-block-id=\"d1851f0\"><style>.stk-d1851f0 {margin-bottom:0px !important;}.stk-d1851f0 .stk-img-wrapper{width:100% !important;height:566px !important;}<\/style><figure><span class=\"stk-img-wrapper stk-image--shape-stretch\"><img decoding=\"async\" class=\"stk-img wp-image-599\" src=\"https:\/\/ayowayow.es\/wp-content\/uploads\/2024\/12\/13ByMadeleineu-X-AYOW.jpg\" width=\"3648\" height=\"5472\" alt=\"AYOW in a Shop\"\/><\/span><\/figure><\/div>","protected":false},"excerpt":{"rendered":"<p>AYOW!!! AYOW!!! was born as a bridge between the streets of Spain and the iconic neighborhoods of New York, where urban art and music echo on every corner. Inspired by [&hellip;]<\/p>\n","protected":false},"author":6,"featured_media":0,"parent":0,"menu_order":0,"comment_status":"closed","ping_status":"closed","template":"","meta":{"footnotes":""},"class_list":["post-12","page","type-page","status-publish","hentry"],"blocksy_meta":{"styles_descriptor":{"styles":{"desktop":"","tablet":"","mobile":""},"google_fonts":[],"version":6},"page_title_panel":"","has_hero_section":"disabled","4a6c26e3489cfc452f0c7089ef3cf078":"","hero_section":"type-1","hero_elements":[{"id":"custom_title","enabled":true,"heading_tag":"h1","title":"Home"},{"id":"custom_description","enabled":true,"description_visibility":{"desktop":true,"tablet":true,"mobile":false}},{"id":"custom_meta","enabled":false,"meta_elements":[{"id":"author","enabled":true,"label":"By","has_author_avatar":"yes","avatar_size":25},{"id":"post_date","enabled":true,"label":"On","date_format_source":"default","date_format":"M j, Y"},{"id":"updated_date","enabled":false,"label":"On","date_format_source":"default","date_format":"M j, Y"},{"id":"categories","enabled":false,"label":"In","style":"simple"},{"id":"comments","enabled":true}],"page_meta_elements":{"joined":true,"articles_count":true,"comments":true}},{"id":"breadcrumbs","enabled":false}],"fe562f922a7890432068950dda17c488":"","hero_alignment1":"CT_CSS_SKIP_RULE","hero_margin":40,"hero_alignment2":"center","hero_vertical_alignment":"center","21ff91474bdbf7e3262b971e98d91af2":"","hero_structure":"narrow","efbca305c45ecabd3d17e2c3bd7c910d":"","page_title_bg_type":"featured_image","custom_hero_background":{"attachment_id":null},"page_title_image_size":"full","parallax":{"desktop":false,"tablet":false,"mobile":false},"5ba28e80c5f05ca70537edad0eefaf73":"","hero_height":"250px","pageTitleFont":{"family":"Default","variation":"Default","size":"30px","line-height":"CT_CSS_SKIP_RULE","letter-spacing":"CT_CSS_SKIP_RULE","text-transform":"CT_CSS_SKIP_RULE","text-decoration":"CT_CSS_SKIP_RULE"},"pageTitleFontColor":{"default":{"color":"CT_CSS_SKIP_RULEDEFAULT"}},"pageMetaFont":{"family":"Default","variation":"n6","size":"12px","line-height":"1.3","letter-spacing":"CT_CSS_SKIP_RULE","text-transform":"uppercase","text-decoration":"CT_CSS_SKIP_RULE"},"pageMetaFontColor":{"default":{"color":"CT_CSS_SKIP_RULEDEFAULT"},"hover":{"color":"CT_CSS_SKIP_RULEDEFAULT"}},"page_meta_button_type_font_colors":{"default":{"color":"CT_CSS_SKIP_RULEDEFAULT"},"hover":{"color":"CT_CSS_SKIP_RULEDEFAULT"}},"page_meta_button_type_background_colors":{"default":{"color":"CT_CSS_SKIP_RULEDEFAULT"},"hover":{"color":"CT_CSS_SKIP_RULEDEFAULT"}},"pageExcerptFont":{"family":"Default","variation":"Default","size":"CT_CSS_SKIP_RULE","line-height":"CT_CSS_SKIP_RULE","letter-spacing":"CT_CSS_SKIP_RULE","text-transform":"CT_CSS_SKIP_RULE","text-decoration":"CT_CSS_SKIP_RULE"},"pageExcerptColor":{"default":{"color":"CT_CSS_SKIP_RULEDEFAULT"}},"breadcrumbsFont":{"family":"Default","variation":"Default","size":"CT_CSS_SKIP_RULE","line-height":"CT_CSS_SKIP_RULE","letter-spacing":"CT_CSS_SKIP_RULE","text-transform":"CT_CSS_SKIP_RULE","text-decoration":"CT_CSS_SKIP_RULE"},"breadcrumbsFontColor":{"default":{"color":"CT_CSS_SKIP_RULEDEFAULT"},"initial":{"color":"CT_CSS_SKIP_RULEDEFAULT"},"hover":{"color":"CT_CSS_SKIP_RULEDEFAULT"}},"pageTitleOverlay":{"background_type":"color","background_pattern":"type-1","background_image":{"attachment_id":null,"x":0,"y":0},"gradient":"linear-gradient(135deg,rgba(6,147,227,1) 0%,rgb(155,81,224) 100%)","background_repeat":"repeat","background_size":"auto","background_attachment":"scroll","patternColor":{"default":{"color":"#e5e7ea"}},"overlayColor":{"default":{"color":"CT_CSS_SKIP_RULE"}},"backgroundColor":{"default":{"color":"CT_CSS_SKIP_RULE"}}},"pageTitleBackground":{"background_type":"color","background_pattern":"type-1","background_image":{"attachment_id":null,"x":0,"y":0},"gradient":"linear-gradient(135deg,rgba(6,147,227,1) 0%,rgb(155,81,224) 100%)","background_repeat":"repeat","background_size":"auto","background_attachment":"scroll","patternColor":{"default":{"color":"#e5e7ea"}},"overlayColor":{"default":{"color":"CT_CSS_SKIP_RULE"}},"backgroundColor":{"default":{"color":"var(--theme-palette-color-6)"}}},"pageTitlePadding":{"top":"50px","bottom":"50px","left":"auto","right":"auto","linked":true},"a271f1d3e5a6bce1f48f7d72e3fe62cd":"","page_structure_type":"default","ac8f391930b733f81c8c2034fe54f4c4":"","content_style_source":"inherit","content_style":"wide","vertical_spacing_source":"custom","content_area_spacing":"none","background":{"background_type":"color","background_pattern":"type-1","background_image":{"attachment_id":null,"x":0,"y":0},"gradient":"linear-gradient(135deg,rgba(6,147,227,1) 0%,rgb(155,81,224) 100%)","background_repeat":"repeat","background_size":"auto","background_attachment":"scroll","patternColor":{"default":{"color":"#e5e7ea"}},"overlayColor":{"default":{"color":"CT_CSS_SKIP_RULE"}},"backgroundColor":{"default":{"color":"CT_CSS_SKIP_RULE"}}},"content_background":{"background_type":"color","background_pattern":"type-1","background_image":{"attachment_id":null,"x":0,"y":0},"gradient":"linear-gradient(135deg,rgba(6,147,227,1) 0%,rgb(155,81,224) 100%)","background_repeat":"repeat","background_size":"auto","background_attachment":"scroll","patternColor":{"default":{"color":"#e5e7ea"}},"overlayColor":{"default":{"color":"CT_CSS_SKIP_RULE"}},"backgroundColor":{"default":{"color":"var(--theme-palette-color-8)"}}},"content_boxed_shadow":{"inherit":false,"blur":18,"spread":-6,"v_offset":12,"h_offset":0,"inset":false,"enable":true,"color":{"color":"rgba(34, 56, 101, 0.04)"}},"boxed_content_spacing":{"desktop":{"top":"40px","bottom":"40px","left":"40px","right":"40px","linked":true},"tablet":{"top":"35px","bottom":"35px","left":"35px","right":"35px","linked":true},"mobile":{"top":"20px","bottom":"20px","left":"20px","right":"20px","linked":true}},"content_boxed_radius":{"top":"3px","bottom":"3px","left":"3px","right":"3px","linked":true},"a38c1b35b8d2e65b9d89492d033c438a":"","disable_featured_image":"no","disable_share_box":"no","disable_header":"no","disable_footer":"no"},"aioseo_notices":[],"_links":{"self":[{"href":"https:\/\/ayowayow.es\/es\/wp-json\/wp\/v2\/pages\/12","targetHints":{"allow":["GET"]}}],"collection":[{"href":"https:\/\/ayowayow.es\/es\/wp-json\/wp\/v2\/pages"}],"about":[{"href":"https:\/\/ayowayow.es\/es\/wp-json\/wp\/v2\/types\/page"}],"author":[{"embeddable":true,"href":"https:\/\/ayowayow.es\/es\/wp-json\/wp\/v2\/users\/6"}],"replies":[{"embeddable":true,"href":"https:\/\/ayowayow.es\/es\/wp-json\/wp\/v2\/comments?post=12"}],"version-history":[{"count":20,"href":"https:\/\/ayowayow.es\/es\/wp-json\/wp\/v2\/pages\/12\/revisions"}],"predecessor-version":[{"id":1738,"href":"https:\/\/ayowayow.es\/es\/wp-json\/wp\/v2\/pages\/12\/revisions\/1738"}],"wp:attachment":[{"href":"https:\/\/ayowayow.es\/es\/wp-json\/wp\/v2\/media?parent=12"}],"curies":[{"name":"wp","href":"https:\/\/api.w.org\/{rel}","templated":true}]}}